{"id":1280,"date":"2022-10-31T19:19:09","date_gmt":"2022-10-31T19:19:09","guid":{"rendered":"https:\/\/mooselook.ca\/?page_id=1280"},"modified":"2023-04-11T15:39:14","modified_gmt":"2023-04-11T19:39:14","slug":"qr","status":"publish","type":"page","link":"https:\/\/mooselook.ca\/fr\/qr\/","title":{"rendered":"Q&#038;R"},"content":{"rendered":"<div class=\"nicepage-container\"><div class=\"\" style=\"\" >        <script>\n            (function ($) {\n                var ResponsiveCms = window.ResponsiveCms;\n                if (!ResponsiveCms) {\n                    return;\n                }\n                ResponsiveCms.contentDom = $('script:last').parent();\n                ResponsiveCms.prevMode = \"XL\";\n\n                if (typeof ResponsiveCms.recalcClasses === 'function') {\n                    ResponsiveCms.recalcClasses();\n                }\n            })(jQuery);\n        <\/script>\n        \n    \n    <section class=\"u-align-center u-clearfix u-image u-shading u-section-2\" src=\"\" data-image-width=\"1900\" data-image-height=\"1069\" id=\"sec-33c4\" style=\"background-image: linear-gradient(0deg, rgba(0, 0, 0, 0.45), rgba(0, 0, 0, 0.45)), url(&quot;https:\/\/mooselook.ca\/wp-content\/uploads\/2023\/01\/THINFISH-YO-BS-STILL.jpg&quot;);\">\n      <div class=\"u-clearfix u-sheet u-sheet-1\">\n        <h1 class=\"u-align-center-lg u-align-center-md u-align-center-sm u-align-center-xs u-text u-text-white u-title u-text-1\">Q&amp;R<\/h1>\n        <h6 class=\"u-text u-text-2\"> Si vous ne trouvez pas la r\u00e9ponse \u00e0 votre question dans la lis\u200bte, veuillez <a href=\"https:\/\/mooselook.ca\/fr\/nous-joindre\/\" class=\"u-btn u-button-link u-button-style u-text-body-alt-color u-btn-1\">nous contacter<\/a>&nbsp;<br>et nous vous r\u00e9pondrons dans les plus brefs d\u00e9lais.\n        <\/h6>\n      <\/div>\n    <\/section>\n    <section class=\"u-clearfix u-section-3\" id=\"sec-fcf2\">\n      <div class=\"u-clearfix u-sheet u-sheet-1\">\n        <div class=\"u-clearfix u-custom-html u-expanded-width u-custom-html-1\">\t\t\t\t\t\t<style>\r\n\t\t\t\t<style>\r\n#wpsm_accordion_1279 .wpsm_panel-heading{\r\n\tpadding:0px !important;\r\n}\r\n#wpsm_accordion_1279 .wpsm_panel-title {\r\n\tmargin:0px !important; \r\n\ttext-transform:none !important;\r\n\tline-height: 1 !important;\r\n}\r\n#wpsm_accordion_1279 .wpsm_panel-title a{\r\n\ttext-decoration:none;\r\n\toverflow:hidden;\r\n\tdisplay:block;\r\n\tpadding:0px;\r\n\tfont-size: 18px !important;\r\n\tfont-family: Open Sans !important;\r\n\tcolor:#ffffff !important;\r\n\tborder-bottom:0px !important;\r\n}\r\n\r\n#wpsm_accordion_1279 .wpsm_panel-title a:focus {\r\noutline: 0px !important;\r\n}\r\n\r\n#wpsm_accordion_1279 .wpsm_panel-title a:hover, #wpsm_accordion_1279 .wpsm_panel-title a:focus {\r\n\tcolor:#ffffff !important;\r\n}\r\n#wpsm_accordion_1279 .acc-a{\r\n\tcolor: #ffffff !important;\r\n\tbackground-color:#669933 !important;\r\n\tborder-color: #ddd;\r\n}\r\n#wpsm_accordion_1279 .wpsm_panel-default > .wpsm_panel-heading{\r\n\tcolor: #ffffff !important;\r\n\tbackground-color: #669933 !important;\r\n\tborder-color: #669933 !important;\r\n\tborder-top-left-radius: 0px;\r\n\tborder-top-right-radius: 0px;\r\n}\r\n#wpsm_accordion_1279 .wpsm_panel-default {\r\n\t\tborder:1px solid transparent !important;\r\n\t}\r\n#wpsm_accordion_1279 {\r\n\tmargin-bottom: 20px;\r\n\toverflow: hidden;\r\n\tfloat: none;\r\n\twidth: 100%;\r\n\tdisplay: block;\r\n}\r\n#wpsm_accordion_1279 .ac_title_class{\r\n\tdisplay: block;\r\n\tpadding-top: 12px;\r\n\tpadding-bottom: 12px;\r\n\tpadding-left: 15px;\r\n\tpadding-right: 15px;\r\n}\r\n#wpsm_accordion_1279  .wpsm_panel {\r\n\toverflow:hidden;\r\n\t-webkit-box-shadow: 0 0px 0px rgba(0, 0, 0, .05);\r\n\tbox-shadow: 0 0px 0px rgba(0, 0, 0, .05);\r\n\t\t\tborder-radius: 0px;\r\n\t}\r\n#wpsm_accordion_1279  .wpsm_panel + .wpsm_panel {\r\n\t\tmargin-top: 5px;\r\n\t}\r\n#wpsm_accordion_1279  .wpsm_panel-body{\r\n\tbackground-color:#ffffff !important;\r\n\tcolor:#000000 !important;\r\n\tborder-top-color: #669933 !important;\r\n\tfont-size:16px !important;\r\n\tfont-family: Open Sans !important;\r\n\toverflow: hidden;\r\n\t\tborder: 2px solid #669933 !important;\r\n\t}\r\n\r\n#wpsm_accordion_1279 .ac_open_cl_icon{\r\n\tbackground-color:#669933 !important;\r\n\tcolor: #ffffff !important;\r\n\tfloat:right !important;\r\n\tpadding-top: 12px !important;\r\n\tpadding-bottom: 12px !important;\r\n\tline-height: 1.0 !important;\r\n\tpadding-left: 15px !important;\r\n\tpadding-right: 15px !important;\r\n\tdisplay: inline-block !important;\r\n}\r\n\r\n\t\t\t\r\n\t\t\t<\/style>\t\r\n\t\t\t<\/style>\r\n\t\t\t<div class=\"wpsm_panel-group\" id=\"wpsm_accordion_1279\" >\r\n\t\t\t\t\t\t\t\t\r\n\t\t\t\t\t<!-- Inner panel Start -->\r\n\t\t\t\t\t<div class=\"wpsm_panel wpsm_panel-default\">\r\n\t\t\t\t\t\t<div class=\"wpsm_panel-heading\" role=\"tab\" >\r\n\t\t\t\t\t\t  <h4 class=\"wpsm_panel-title\">\r\n\t\t\t\t\t\t\t<a  class=\"\"  data-toggle=\"collapse\" data-parent=\"#wpsm_accordion_1279 \" href=\"javascript:void(0)\" data-target=\"#ac_1279_collapse1\" onclick=\"do_resize()\">\r\n\t\t\t\t\t\t\t\t\t\t\t\t\t\t\t\t\t<span class=\"ac_open_cl_icon fa fa-plus\"><\/span>\r\n\t\t\t\t\t\t\t\t\t\r\n\t\t\t\t\t\t\t\t \r\n\t\t\t\t\t\t\t\t<span class=\"ac_title_class\">\r\n\t\t\t\t\t\t\t\t\tO\u00f9 puis-je acheter vos leurres?\t\t\t\t\t\t\t\t<\/span>\r\n\t\t\t\t\t\t\t<\/a>\r\n\t\t\t\t\t\t  <\/h4>\r\n\t\t\t\t\t\t<\/div>\r\n\t\t\t\t\t\t<div id=\"ac_1279_collapse1\" class=\"wpsm_panel-collapse collapse \"  >\r\n\t\t\t\t\t\t  <div class=\"wpsm_panel-body\">\r\n\t\t\t\t\t\t\tNos produits sont en vente dans tous les d\u00e9taillants qui vendent des produits de p\u00eache. Contactez votre d\u00e9taillant local favori. S'ils n\u2019ont pas l\u2019item que vous cherchez, ils pourront le commander chez leur fournisseur. Pour une liste partielle de nos points de vente, consultez la page <a href=\"\/fr\/detaillants\/\">D\u00e9taillants<\/a>.\t\t\t\t\t\t  <\/div>\r\n\t\t\t\t\t\t<\/div>\r\n\t\t\t\t\t<\/div>\r\n\t\t\t\t\t<!-- Inner panel End -->\r\n\t\t\t\t\t\r\n\t\t\t\t\t\t\t\t\r\n\t\t\t\t\t<!-- Inner panel Start -->\r\n\t\t\t\t\t<div class=\"wpsm_panel wpsm_panel-default\">\r\n\t\t\t\t\t\t<div class=\"wpsm_panel-heading\" role=\"tab\" >\r\n\t\t\t\t\t\t  <h4 class=\"wpsm_panel-title\">\r\n\t\t\t\t\t\t\t<a  class=\"collapsed\"  data-toggle=\"collapse\" data-parent=\"#wpsm_accordion_1279 \" href=\"javascript:void(0)\" data-target=\"#ac_1279_collapse2\" onclick=\"do_resize()\">\r\n\t\t\t\t\t\t\t\t\t\t\t\t\t\t\t\t\t<span class=\"ac_open_cl_icon fa fa-plus\"><\/span>\r\n\t\t\t\t\t\t\t\t\t\r\n\t\t\t\t\t\t\t\t \r\n\t\t\t\t\t\t\t\t<span class=\"ac_title_class\">\r\n\t\t\t\t\t\t\t\t\tVendez-vous directement au public?\t\t\t\t\t\t\t\t<\/span>\r\n\t\t\t\t\t\t\t<\/a>\r\n\t\t\t\t\t\t  <\/h4>\r\n\t\t\t\t\t\t<\/div>\r\n\t\t\t\t\t\t<div id=\"ac_1279_collapse2\" class=\"wpsm_panel-collapse collapse \"  >\r\n\t\t\t\t\t\t  <div class=\"wpsm_panel-body\">\r\n\t\t\t\t\t\t\t\u00c0 l\u2019exception des objets promotionnels et des leurres personalis\u00e9s, nous ne vendons pas directement au public.\t\t\t\t\t\t  <\/div>\r\n\t\t\t\t\t\t<\/div>\r\n\t\t\t\t\t<\/div>\r\n\t\t\t\t\t<!-- Inner panel End -->\r\n\t\t\t\t\t\r\n\t\t\t\t\t\t\t\t\r\n\t\t\t\t\t<!-- Inner panel Start -->\r\n\t\t\t\t\t<div class=\"wpsm_panel wpsm_panel-default\">\r\n\t\t\t\t\t\t<div class=\"wpsm_panel-heading\" role=\"tab\" >\r\n\t\t\t\t\t\t  <h4 class=\"wpsm_panel-title\">\r\n\t\t\t\t\t\t\t<a  class=\"collapsed\"  data-toggle=\"collapse\" data-parent=\"#wpsm_accordion_1279 \" href=\"javascript:void(0)\" data-target=\"#ac_1279_collapse3\" onclick=\"do_resize()\">\r\n\t\t\t\t\t\t\t\t\t\t\t\t\t\t\t\t\t<span class=\"ac_open_cl_icon fa fa-plus\"><\/span>\r\n\t\t\t\t\t\t\t\t\t\r\n\t\t\t\t\t\t\t\t \r\n\t\t\t\t\t\t\t\t<span class=\"ac_title_class\">\r\n\t\t\t\t\t\t\t\t\tOffrez-vous des leurres personalis\u00e9s?\t\t\t\t\t\t\t\t<\/span>\r\n\t\t\t\t\t\t\t<\/a>\r\n\t\t\t\t\t\t  <\/h4>\r\n\t\t\t\t\t\t<\/div>\r\n\t\t\t\t\t\t<div id=\"ac_1279_collapse3\" class=\"wpsm_panel-collapse collapse \"  >\r\n\t\t\t\t\t\t  <div class=\"wpsm_panel-body\">\r\n\t\t\t\t\t\t\tNous pouvons r\u00e9aliser plusieurs sortes de leurres personnalis\u00e9s  pour vos \u00e9v\u00e8nements personnels ou corporatifs.  <a href=\"\/fr\/nous-joindre\/\">Contactez-nous<\/a> pour obtenir plus d\u2019information.\t\t\t\t\t\t  <\/div>\r\n\t\t\t\t\t\t<\/div>\r\n\t\t\t\t\t<\/div>\r\n\t\t\t\t\t<!-- Inner panel End -->\r\n\t\t\t\t\t\r\n\t\t\t\t\t\t\t\t\r\n\t\t\t\t\t<!-- Inner panel Start -->\r\n\t\t\t\t\t<div class=\"wpsm_panel wpsm_panel-default\">\r\n\t\t\t\t\t\t<div class=\"wpsm_panel-heading\" role=\"tab\" >\r\n\t\t\t\t\t\t  <h4 class=\"wpsm_panel-title\">\r\n\t\t\t\t\t\t\t<a  class=\"collapsed\"  data-toggle=\"collapse\" data-parent=\"#wpsm_accordion_1279 \" href=\"javascript:void(0)\" data-target=\"#ac_1279_collapse4\" onclick=\"do_resize()\">\r\n\t\t\t\t\t\t\t\t\t\t\t\t\t\t\t\t\t<span class=\"ac_open_cl_icon fa fa-plus\"><\/span>\r\n\t\t\t\t\t\t\t\t\t\r\n\t\t\t\t\t\t\t\t \r\n\t\t\t\t\t\t\t\t<span class=\"ac_title_class\">\r\n\t\t\t\t\t\t\t\t\tOu puis-je acheter vos items promotionnels?\t\t\t\t\t\t\t\t<\/span>\r\n\t\t\t\t\t\t\t<\/a>\r\n\t\t\t\t\t\t  <\/h4>\r\n\t\t\t\t\t\t<\/div>\r\n\t\t\t\t\t\t<div id=\"ac_1279_collapse4\" class=\"wpsm_panel-collapse collapse \"  >\r\n\t\t\t\t\t\t  <div class=\"wpsm_panel-body\">\r\n\t\t\t\t\t\t\tVous pouvez les trouver dans notre magasin promotionnel <a href=\"https:\/\/www.williamslures.com\/\" target=\"_blank\" rel=\"noopener\">\u00e0 ce lien.<\/a> \t\t\t\t\t\t  <\/div>\r\n\t\t\t\t\t\t<\/div>\r\n\t\t\t\t\t<\/div>\r\n\t\t\t\t\t<!-- Inner panel End -->\r\n\t\t\t\t\t\r\n\t\t\t\t\t\t\t\t\r\n\t\t\t\t\t<!-- Inner panel Start -->\r\n\t\t\t\t\t<div class=\"wpsm_panel wpsm_panel-default\">\r\n\t\t\t\t\t\t<div class=\"wpsm_panel-heading\" role=\"tab\" >\r\n\t\t\t\t\t\t  <h4 class=\"wpsm_panel-title\">\r\n\t\t\t\t\t\t\t<a  class=\"collapsed\"  data-toggle=\"collapse\" data-parent=\"#wpsm_accordion_1279 \" href=\"javascript:void(0)\" data-target=\"#ac_1279_collapse5\" onclick=\"do_resize()\">\r\n\t\t\t\t\t\t\t\t\t\t\t\t\t\t\t\t\t<span class=\"ac_open_cl_icon fa fa-plus\"><\/span>\r\n\t\t\t\t\t\t\t\t\t\r\n\t\t\t\t\t\t\t\t \r\n\t\t\t\t\t\t\t\t<span class=\"ac_title_class\">\r\n\t\t\t\t\t\t\t\t\tJe n\u2019arrive pas \u00e0 trouver un leurre en particulier sur votre site. Est-il discontinu\u00e9?\t\t\t\t\t\t\t\t<\/span>\r\n\t\t\t\t\t\t\t<\/a>\r\n\t\t\t\t\t\t  <\/h4>\r\n\t\t\t\t\t\t<\/div>\r\n\t\t\t\t\t\t<div id=\"ac_1279_collapse5\" class=\"wpsm_panel-collapse collapse \"  >\r\n\t\t\t\t\t\t  <div class=\"wpsm_panel-body\">\r\n\t\t\t\t\t\t\tPour garder notre assortiment \u00e0 jour, nous devons parfois discontinuer certains leurres.  Si vous ne trouvez pas un produit ou une couleur, il peut avoir \u00e9t\u00e9 discontinu\u00e9.\t\t\t\t\t\t  <\/div>\r\n\t\t\t\t\t\t<\/div>\r\n\t\t\t\t\t<\/div>\r\n\t\t\t\t\t<!-- Inner panel End -->\r\n\t\t\t\t\t\r\n\t\t\t\t\t\t\t<\/div>\r\n\t\t\t\r\n<script type=\"text\/javascript\">\r\n\t\r\n\t\tfunction do_resize(){\r\n\r\n\t\t\tvar width=jQuery( '.wpsm_panel .wpsm_panel-body iframe' ).width();\r\n\t\t\tvar height=jQuery( '.wpsm_panel .wpsm_panel-body iframe' ).height();\r\n\r\n\t\t\tvar toggleSize = true;\r\n\t\t\tjQuery('iframe').animate({\r\n\t\t\t    width: toggleSize ? width : 640,\r\n\t\t\t    height: toggleSize ? height : 360\r\n\t\t\t  }, 250);\r\n\r\n\t\t\t  toggleSize = !toggleSize;\r\n\t\t}\r\n\t\t\r\n<\/script>\t<\/div>\n      <\/div>\n    <\/section>\n    \n    \n    \n  \n<\/div><\/div>","protected":false},"excerpt":{"rendered":"<p>Q&amp;R Si vous ne trouvez pas la r\u00e9ponse \u00e0 votre question dans la lis\u200bte, veuillez nous contacter&nbsp;et nous vous r\u00e9pondrons dans les plus brefs d\u00e9lais.<\/p>\n","protected":false},"author":4,"featured_media":0,"parent":0,"menu_order":0,"comment_status":"closed","ping_status":"closed","template":"","meta":{"_acf_changed":false,"site-sidebar-layout":"default","site-content-layout":"page-builder","ast-site-content-layout":"default","site-content-style":"default","site-sidebar-style":"default","ast-global-header-display":"","ast-banner-title-visibility":"","ast-main-header-display":"","ast-hfb-above-header-display":"","ast-hfb-below-header-display":"","ast-hfb-mobile-header-display":"","site-post-title":"","ast-breadcrumbs-content":"","ast-featured-img":"","footer-sml-layout":"","ast-disable-related-posts":"","theme-transparent-header-meta":"default","adv-header-id-meta":"","stick-header-meta":"default","header-above-stick-meta":"","header-main-stick-meta":"","header-below-stick-meta":"","astra-migrate-meta-layouts":"default","ast-page-background-enabled":"default","ast-page-background-meta":{"desktop":{"background-color":"","background-image":"","background-repeat":"repeat","background-position":"center center","background-size":"auto","background-attachment":"scroll","background-type":"","background-media":"","overlay-type":"","overlay-color":"","overlay-opacity":"","overlay-gradient":""},"tablet":{"background-color":"","background-image":"","background-repeat":"repeat","background-position":"center center","background-size":"auto","background-attachment":"scroll","background-type":"","background-media":"","overlay-type":"","overlay-color":"","overlay-opacity":"","overlay-gradient":""},"mobile":{"background-color":"","background-image":"","background-repeat":"repeat","background-position":"center center","background-size":"auto","background-attachment":"scroll","background-type":"","background-media":"","overlay-type":"","overlay-color":"","overlay-opacity":"","overlay-gradient":""}},"ast-content-background-meta":{"desktop":{"background-color":"var(--ast-global-color-5)","background-image":"","background-repeat":"repeat","background-position":"center center","background-size":"auto","background-attachment":"scroll","background-type":"","background-media":"","overlay-type":"","overlay-color":"","overlay-opacity":"","overlay-gradient":""},"tablet":{"background-color":"var(--ast-global-color-5)","background-image":"","background-repeat":"repeat","background-position":"center center","background-size":"auto","background-attachment":"scroll","background-type":"","background-media":"","overlay-type":"","overlay-color":"","overlay-opacity":"","overlay-gradient":""},"mobile":{"background-color":"var(--ast-global-color-5)","background-image":"","background-repeat":"repeat","background-position":"center center","background-size":"auto","background-attachment":"scroll","background-type":"","background-media":"","overlay-type":"","overlay-color":"","overlay-opacity":"","overlay-gradient":""}},"footnotes":""},"class_list":["post-1280","page","type-page","status-publish","hentry"],"acf":[],"_links":{"self":[{"href":"https:\/\/mooselook.ca\/fr\/wp-json\/wp\/v2\/pages\/1280","targetHints":{"allow":["GET"]}}],"collection":[{"href":"https:\/\/mooselook.ca\/fr\/wp-json\/wp\/v2\/pages"}],"about":[{"href":"https:\/\/mooselook.ca\/fr\/wp-json\/wp\/v2\/types\/page"}],"author":[{"embeddable":true,"href":"https:\/\/mooselook.ca\/fr\/wp-json\/wp\/v2\/users\/4"}],"replies":[{"embeddable":true,"href":"https:\/\/mooselook.ca\/fr\/wp-json\/wp\/v2\/comments?post=1280"}],"version-history":[{"count":2,"href":"https:\/\/mooselook.ca\/fr\/wp-json\/wp\/v2\/pages\/1280\/revisions"}],"predecessor-version":[{"id":2399,"href":"https:\/\/mooselook.ca\/fr\/wp-json\/wp\/v2\/pages\/1280\/revisions\/2399"}],"wp:attachment":[{"href":"https:\/\/mooselook.ca\/fr\/wp-json\/wp\/v2\/media?parent=1280"}],"curies":[{"name":"wp","href":"https:\/\/api.w.org\/{rel}","templated":true}]}}