{"id":1351,"date":"2022-11-04T19:04:43","date_gmt":"2022-11-04T19:04:43","guid":{"rendered":"https:\/\/mooselook.ca\/?page_id=1351"},"modified":"2023-04-13T13:31:26","modified_gmt":"2023-04-13T17:31:26","slug":"a-propos","status":"publish","type":"page","link":"https:\/\/mooselook.ca\/fr\/a-propos\/","title":{"rendered":"\u00c0 propos"},"content":{"rendered":"<div class=\"nicepage-container\"><div class=\"\" style=\"\" >        <script>\n            (function ($) {\n                var ResponsiveCms = window.ResponsiveCms;\n                if (!ResponsiveCms) {\n                    return;\n                }\n                ResponsiveCms.contentDom = $('script:last').parent();\n                ResponsiveCms.prevMode = \"XL\";\n\n                if (typeof ResponsiveCms.recalcClasses === 'function') {\n                    ResponsiveCms.recalcClasses();\n                }\n            })(jQuery);\n        <\/script>\n        \n    \n    <section class=\"u-align-center u-clearfix u-image u-shading u-section-2\" src=\"\" data-image-width=\"1900\" data-image-height=\"1267\" id=\"sec-33c4\" style=\"background-image: linear-gradient(0deg, rgba(0, 0, 0, 0.65), rgba(0, 0, 0, 0.65)), url(&quot;https:\/\/mooselook.ca\/wp-content\/uploads\/2022\/11\/woman-fishing-on-fishing-rod-spinning-in-norway-2022-02-08-22-39-26-utc.jpg&quot;);\">\n      <div class=\"u-clearfix u-sheet u-valign-middle-lg u-valign-middle-md u-sheet-1\">\n        <h1 class=\"u-align-center-lg u-align-center-md u-align-center-sm u-align-center-xs u-text u-text-white u-title u-text-1\">\u00c0 propos<\/h1>\n        <h6 class=\"u-text u-text-2\">Des produits de qualit\u00e9 depuis 1938<\/h6>\n      <\/div>\n    <\/section>\n    <section class=\"u-clearfix u-white u-section-3\" id=\"sec-e46f\">\n      <div class=\"u-clearfix u-sheet u-sheet-1\"><\/div>\n    <\/section>\n    <section class=\"u-clearfix u-section-4\" id=\"sec-5d91\">\n      <div class=\"u-clearfix u-expanded-width u-gutter-10 u-layout-wrap u-layout-wrap-1\">\n        <div class=\"u-layout\" style=\"\">\n          <div class=\"u-layout-row\" style=\"\">\n            <div class=\"u-align-left u-container-style u-image u-layout-cell u-left-cell u-size-30 u-size-xs-60 u-image-1\" src=\"\" data-image-width=\"579\" data-image-height=\"515\" data-animation-name=\"customAnimationIn\" data-animation-duration=\"1000\" style=\"background-image: url(&quot;https:\/\/mooselook.ca\/wp-content\/uploads\/2023\/01\/about.jpg&quot;);\">\n              <div class=\"u-container-layout u-valign-middle u-container-layout-1\" src=\"\"><\/div>\n            <\/div>\n            <div class=\"u-align-left u-container-style u-layout-cell u-right-cell u-size-30 u-size-xs-60 u-white u-layout-cell-2\">\n              <div class=\"u-container-layout u-valign-top u-container-layout-2\">\n                <h2 class=\"u-text u-text-default u-text-palette-1-base u-text-1\" data-animation-name=\"customAnimationIn\" data-animation-duration=\"1000\"> Le Wobbler de Mooselook est la cr\u00e9ation la plus c\u00e9l\u00e8bre de la compagnie \nJ. A. Greene. Un favori des p\u00eacheurs de truite et de saumon depuis des&nbsp; g\u00e9n\u00e9rations, c\u2019est toujours le leurre le plus populaire pour ces esp\u00e8ces \ndans l\u2019\u00e9tat du Maine. La couleur originale cuivr\u00e9e reste encore \naujourd\u2019hui la plus productive dans cette r\u00e9gion. <br>\n                <\/h2>\n                <p class=\"u-text u-text-palette-1-base u-text-2\" data-animation-name=\"customAnimationIn\" data-animation-duration=\"1000\"> Les leurres Mooselook ont \u00e9t\u00e9 d\u00e9velopp\u00e9s pour \nutilisation sur les l\u00e9gendaires eaux \u00e0 truites et \u00e0 saumons du nord du \nMaine, notamment celles du lac Mooselookmeguntic qui a donn\u00e9 son nom \u00e0 \nla compagnie.&nbsp; N\u2019allez cependant pas limiter votre utilisation aux \nsalmonid\u00e9s! Tous les poissons appr\u00e9cient les Wobblers de Mooselook.\n     &nbsp;\n     Ce leurre mythique a connu ses d\u00e9buts au courant \ndes ann\u00e9es 1930 quand John Zelonka, vendeur d\u2019assurances de son \u00e9tat, et\n son \u00e9pouse Annie, tous deux p\u00eacheurs aguerris, l\u2019ont d\u00e9velopp\u00e9.&nbsp; La \nl\u00e9gende veut que John ait chang\u00e9 son nom pour \u00e9viter la confusion avec \nun autre vendeur d\u2019assurances de la r\u00e9gion aussi appel\u00e9 Zelonka.&nbsp; \nZelonka se traduisant en anglais par \u00ab green \u00bb, soit la couleur verte.<\/p>\n              <\/div>\n            <\/div>\n          <\/div>\n        <\/div>\n      <\/div>\n    <\/section>\n    <section class=\"u-clearfix u-white u-section-5\" id=\"sec-13f3\">\n      <div class=\"u-clearfix u-sheet u-sheet-1\"><\/div>\n    <\/section>\n    <section class=\"u-clearfix u-palette-1-base u-section-6\" id=\"sec-50d5\">\n      <div class=\"u-clearfix u-sheet u-sheet-1\">\n        <div class=\"u-clearfix u-expanded-width u-layout-wrap u-layout-wrap-1\">\n          <div class=\"u-layout\">\n            <div class=\"u-layout-row\">\n              <div class=\"u-container-style u-layout-cell u-left-cell u-size-30 u-layout-cell-1\">\n                <div class=\"u-container-layout u-valign-top u-container-layout-1\">\n                  <h2 class=\"u-text u-text-white u-text-1\" data-animation-name=\"customAnimationIn\" data-animation-duration=\"1000\"> John Greene s\u2019occupa de la compagnie jusqu\u2019en 1958, ann\u00e9e o\u00f9 \u00e0 cause de \nsa sant\u00e9 d\u00e9clinante, il s\u2019adjoint les services de Mike Yerka, son demi-fr\u00e8re.&nbsp; \u00c0 la mort de John en 1960, Mike prit les r\u00eanes avec son fr\u00e8re \nJoe et leurs \u00e9pouses respectives.<\/h2>\n                  <div class=\"u-border-6 u-border-palette-2-base u-line u-line-horizontal u-line-1\" data-animation-name=\"customAnimationIn\" data-animation-duration=\"1000\"><\/div>\n                <\/div>\n              <\/div>\n              <div class=\"u-container-style u-layout-cell u-right-cell u-size-30 u-layout-cell-2\">\n                <div class=\"u-container-layout u-valign-top u-container-layout-2\">\n                  <p class=\"u-text u-text-2\" data-animation-name=\"customAnimationIn\" data-animation-duration=\"1000\"> Helen, l\u2019\u00e9pouse de Joe, s\u2019occupait de la comptabilit\u00e9 \ntandis que Joe devenait la figure publique de la compagnie.&nbsp; Il visitait\n les foires commerciales et cr\u00e9ait un fort r\u00e9seau de d\u00e9taillants, \ndistributeurs et figures m\u00e9diatiques en nouvelle Angleterre.&nbsp; Joe devint\n tef dans les organisations de promotion du plein-air.&nbsp; La NEOWA, \nassociation des \u00e9crivains de plein-air&nbsp; de la Nouvelle-Angleterre, \npr\u00e9sente encore aujourd\u2019hui une bourse d\u2019\u00e9tude en son nom pour \nencourager la rel\u00e8ve.\n     &nbsp;\n     Pour sa part, Mike \u00e9tait en charge de la \nproduction.&nbsp; Il s\u2019occupait des inventaires, commandait et appr\u00eatait les \nlivraisons de mati\u00e8res premi\u00e8res et faisait la liaison avec les \nnombreuses compagnies locales qui sous-traitaient la production des \nleurres, ainsi que celles qui faisaient le placage et la peinture.&nbsp; Il \ns\u2019occupait aussi de l\u2019emballage, de la pr\u00e9paration de commandes et des \nexp\u00e9ditions. La seule \u00e9tape que Mike ne r\u00e9alisait pas \u00e9tait l\u2019assemblage des leurres,\n celle-ci \u00e9tant assur\u00e9e par sa femme aussi nomm\u00e9e Helen.&nbsp; Celle-ci \u00e9tait\n la v\u00e9ritable star de la production.&nbsp; Depuis son entr\u00e9e en fonction en \n1960, et pour plus de 40 ans, chaque leurre de Mooselook a \u00e9t\u00e9 assembl\u00e9 \npar les mains expertes de Helen et ses pinces de joallier.&nbsp; Lorsque la \ncompagnie acquiert une machine \u00e0 empaqueter, c\u2019est aussi elle qui assura\n cette fonction primordiale<\/p>\n                <\/div>\n              <\/div>\n            <\/div>\n          <\/div>\n        <\/div>\n      <\/div>\n    <\/section>\n    <section class=\"u-align-center u-clearfix u-white u-section-7\" id=\"sec-7ed0\">\n      <div class=\"u-clearfix u-sheet u-sheet-1\">\n        <h2 class=\"u-align-left-xs u-text u-text-palette-2-base u-text-1\"> La compagnie J. A. Greene repr\u00e9sente l\u2019histoire d\u2019amour d\u2019une famille \n\u00e9largie pour la p\u00eache et les p\u00eacheurs.&nbsp; C\u2019est un v\u00e9ritable testament \u00e0 \nla m\u00e9moire de l\u2019homme remarquable qui a fond\u00e9 la compagnie et dont la \nfamille maintint la vision pendant plus de 40 ans.<\/h2>\n        <div class=\"u-clearfix u-expanded-width u-layout-wrap u-layout-wrap-1\">\n          <div class=\"u-layout\">\n            <div class=\"u-layout-row\">\n              <div class=\"u-container-style u-layout-cell u-left-cell u-size-20 u-layout-cell-1\">\n                <div class=\"u-container-layout u-valign-top u-container-layout-1\">\n                  <p class=\"u-text u-text-default u-text-palette-1-base u-text-2\"> \u00c0 la mort d'Annie en 1982, Joe, Mike et les deux Helen\n continu\u00e8rent \u00e0 produire des leurres ensemble jusqu\u2019\u00e0 la mort de Joe en \n1994.&nbsp; Mike et sa femme assur\u00e8rent alors la continuit\u00e9, avec l\u2019aide de \nleur beau-fils Alan Bourgeois qui se joint \u00e0 la compagnie pour aider \u00e0 \nl\u2019exp\u00e9dition et l\u2019empaquetage.\n     &nbsp;La long\u00e9vit\u00e9 est une affaire de famille.&nbsp; Mike et\n Helen continu\u00e8rent \u00e0 produire les Wobblers jusqu\u2019en 2002 quand, \u00e0 l\u2019\u00e2ge \nde 85 ans, Mike vendit la compagnie Mooselook \u00e0 Brecks.<\/p>\n                <\/div>\n              <\/div>\n              <div class=\"u-container-style u-layout-cell u-size-20 u-layout-cell-2\">\n                <div class=\"u-container-layout u-container-layout-2\">\n                  <p class=\"u-text u-text-default u-text-palette-1-base u-text-3\"> Brecks honore aussi cette vision en gardant l\u00e0, la taille, la courbure \net le poids qui ont fait le succ\u00e8s des Wobblers originaux.&nbsp; La s\u00e9lection\n a \u00e9volu\u00e9 au fil des ann\u00e9es pour inclure de nouvelles tailles, styles et\n couleurs.&nbsp; <\/p>\n                <\/div>\n              <\/div>\n              <div class=\"u-container-style u-layout-cell u-right-cell u-size-20 u-layout-cell-3\">\n                <div class=\"u-container-layout u-container-layout-3\">\n                  <p class=\"u-text u-text-default u-text-palette-1-base u-text-4\"> Les placages de Mooselook, comme tous ceux de la famille \nBrecks, sont maintenant r\u00e9alis\u00e9s avec de l\u2019argent v\u00e9ritable et de l\u2019or \n24 carats.&nbsp; L\u2019ajout de finis ultra brillants et de peintures r\u00e9actives \naux UV appliqu\u00e9es avec pr\u00e9cision a permis d\u2019amener les Wobblers fermement\n dans le 21e si\u00e8cle.&nbsp; Ils continuent d\u2019offrir au p\u00eacheurs une exp\u00e9rience\n de p\u00eache in\u00e9gal\u00e9e.<\/p>\n                <\/div>\n              <\/div>\n            <\/div>\n          <\/div>\n        <\/div>\n      <\/div>\n    <\/section>\n    \n    \n    \n  \n<\/div><\/div>","protected":false},"excerpt":{"rendered":"<p>\u00c0 propos Des produits de qualit\u00e9 depuis 1938 Le Wobbler de Mooselook est la cr\u00e9ation la plus c\u00e9l\u00e8bre de la compagnie J. A. Greene. Un favori des p\u00eacheurs de truite et de saumon depuis des&nbsp; g\u00e9n\u00e9rations, c\u2019est toujours le leurre le plus populaire pour ces esp\u00e8ces dans l\u2019\u00e9tat du Maine. La couleur originale cuivr\u00e9e reste [&hellip;]<\/p>\n","protected":false},"author":4,"featured_media":0,"parent":0,"menu_order":0,"comment_status":"closed","ping_status":"closed","template":"","meta":{"_acf_changed":false,"site-sidebar-layout":"default","site-content-layout":"page-builder","ast-site-content-layout":"default","site-content-style":"default","site-sidebar-style":"default","ast-global-header-display":"","ast-banner-title-visibility":"","ast-main-header-display":"","ast-hfb-above-header-display":"","ast-hfb-below-header-display":"","ast-hfb-mobile-header-display":"","site-post-title":"","ast-breadcrumbs-content":"","ast-featured-img":"","footer-sml-layout":"","ast-disable-related-posts":"","theme-transparent-header-meta":"default","adv-header-id-meta":"","stick-header-meta":"default","header-above-stick-meta":"","header-main-stick-meta":"","header-below-stick-meta":"","astra-migrate-meta-layouts":"default","ast-page-background-enabled":"default","ast-page-background-meta":{"desktop":{"background-color":"","background-image":"","background-repeat":"repeat","background-position":"center center","background-size":"auto","background-attachment":"scroll","background-type":"","background-media":"","overlay-type":"","overlay-color":"","overlay-opacity":"","overlay-gradient":""},"tablet":{"background-color":"","background-image":"","background-repeat":"repeat","background-position":"center center","background-size":"auto","background-attachment":"scroll","background-type":"","background-media":"","overlay-type":"","overlay-color":"","overlay-opacity":"","overlay-gradient":""},"mobile":{"background-color":"","background-image":"","background-repeat":"repeat","background-position":"center center","background-size":"auto","background-attachment":"scroll","background-type":"","background-media":"","overlay-type":"","overlay-color":"","overlay-opacity":"","overlay-gradient":""}},"ast-content-background-meta":{"desktop":{"background-color":"var(--ast-global-color-5)","background-image":"","background-repeat":"repeat","background-position":"center center","background-size":"auto","background-attachment":"scroll","background-type":"","background-media":"","overlay-type":"","overlay-color":"","overlay-opacity":"","overlay-gradient":""},"tablet":{"background-color":"var(--ast-global-color-5)","background-image":"","background-repeat":"repeat","background-position":"center center","background-size":"auto","background-attachment":"scroll","background-type":"","background-media":"","overlay-type":"","overlay-color":"","overlay-opacity":"","overlay-gradient":""},"mobile":{"background-color":"var(--ast-global-color-5)","background-image":"","background-repeat":"repeat","background-position":"center center","background-size":"auto","background-attachment":"scroll","background-type":"","background-media":"","overlay-type":"","overlay-color":"","overlay-opacity":"","overlay-gradient":""}},"footnotes":""},"class_list":["post-1351","page","type-page","status-publish","hentry"],"acf":[],"_links":{"self":[{"href":"https:\/\/mooselook.ca\/fr\/wp-json\/wp\/v2\/pages\/1351","targetHints":{"allow":["GET"]}}],"collection":[{"href":"https:\/\/mooselook.ca\/fr\/wp-json\/wp\/v2\/pages"}],"about":[{"href":"https:\/\/mooselook.ca\/fr\/wp-json\/wp\/v2\/types\/page"}],"author":[{"embeddable":true,"href":"https:\/\/mooselook.ca\/fr\/wp-json\/wp\/v2\/users\/4"}],"replies":[{"embeddable":true,"href":"https:\/\/mooselook.ca\/fr\/wp-json\/wp\/v2\/comments?post=1351"}],"version-history":[{"count":5,"href":"https:\/\/mooselook.ca\/fr\/wp-json\/wp\/v2\/pages\/1351\/revisions"}],"predecessor-version":[{"id":2407,"href":"https:\/\/mooselook.ca\/fr\/wp-json\/wp\/v2\/pages\/1351\/revisions\/2407"}],"wp:attachment":[{"href":"https:\/\/mooselook.ca\/fr\/wp-json\/wp\/v2\/media?parent=1351"}],"curies":[{"name":"wp","href":"https:\/\/api.w.org\/{rel}","templated":true}]}}