{"id":834,"date":"2022-09-08T18:59:51","date_gmt":"2022-09-08T18:59:51","guid":{"rendered":"https:\/\/mooselook.ca\/?page_id=834"},"modified":"2023-05-29T09:57:44","modified_gmt":"2023-05-29T13:57:44","slug":"accueil-2","status":"publish","type":"page","link":"https:\/\/mooselook.ca\/fr\/","title":{"rendered":"Accueil"},"content":{"rendered":"<div class=\"nicepage-container\"><div class=\"\" style=\"\" >        <script>\n            (function ($) {\n                var ResponsiveCms = window.ResponsiveCms;\n                if (!ResponsiveCms) {\n                    return;\n                }\n                ResponsiveCms.contentDom = $('script:last').parent();\n                ResponsiveCms.prevMode = \"XL\";\n\n                if (typeof ResponsiveCms.recalcClasses === 'function') {\n                    ResponsiveCms.recalcClasses();\n                }\n            })(jQuery);\n        <\/script>\n        \n    \n    <section class=\"u-clearfix u-section-2\" id=\"sec-3d03\">\n      <div class=\"u-expanded-width u-shortcode u-shortcode-1\"> <\/div>\n    <\/section>\n    <section class=\"u-align-left u-clearfix u-container-align-center-sm u-container-align-center-xs u-white u-section-3\" id=\"sec-8c92\">\n      <div class=\"u-clearfix u-sheet u-sheet-1\">\n        <blockquote class=\"u-align-center-sm u-align-center-xs u-custom-font u-font-montserrat u-text u-text-custom-color-1 u-text-default u-text-1\" data-animation-name=\"customAnimationIn\" data-animation-duration=\"1000\"> Mooselook fabrique des leurres de p\u00eache de haute qualit\u00e9 depuis 1938.&nbsp;&nbsp;<\/blockquote>\n        <p class=\"u-align-center-sm u-align-center-xs u-text u-text-2\" data-animation-name=\"customAnimationIn\" data-animation-duration=\"1000\"> Fond\u00e9e par John A. Greene, la compagnie emprunte le nom du lac Mooselookmeguntic au Maine, ou les leurres ont \u00e9t\u00e9 con\u00e7us il y a plus de 80 ans.&nbsp; Un favori du nord-est, des \u00e9tangs de castor de la Nouvelle-Angleterre aux gros lacs du sud du Qu\u00e9bec, et de plus en plus dans les lacs \u00e0 truite de l\u2019ouest des \u00c9tats-Unis.\nLes cuill\u00e8res Mooselook utilisent des placages en m\u00e9taux pr\u00e9cieux qui refl\u00e8tent la lumi\u00e8re mieux que toute autre surface.&nbsp; Il y a un leurre Mooselook pour toutes les tailles de poissons, des plus petites truites mouchet\u00e9es aux plus voraces truites brunes et grises, ou m\u00eame pour le brochet et le dor\u00e9, pourquoi pas?&nbsp;&nbsp;<\/p>\n        <div class=\"u-shape u-shape-svg u-text-custom-color-1 u-shape-1\" data-animation-name=\"customAnimationIn\" data-animation-duration=\"1000\">\n          <svg class=\"u-svg-link\" preserveAspectRatio=\"none\" viewBox=\"0 0 160 160\" style=\"\"><use xlink:href=\"#svg-fb26\"><\/use><\/svg>\n          <svg class=\"u-svg-content\" viewBox=\"0 0 160 160\" x=\"0px\" y=\"0px\" id=\"svg-fb26\"><path d=\"M34.3,68.6C15.5,68.6,0,53,0,34.3S15.5,0,34.3,0s34.3,15.5,34.3,34.3S53,68.6,34.3,68.6z M125.7,68.6\n\tC107,68.6,91.4,53,91.4,34.3S107,0,125.7,0S160,15.5,160,34.3S144.5,68.6,125.7,68.6z M34.3,160C15.5,160,0,144.5,0,125.7\n\ts15.5-34.3,34.3-34.3s34.3,15.5,34.3,34.3S53,160,34.3,160z M125.7,160c-18.7,0-34.3-15.5-34.3-34.3s15.5-34.3,34.3-34.3\n\tS160,107,160,125.7S144.5,160,125.7,160z\"><\/path><\/svg>\n        <\/div>\n      <\/div>\n    <\/section>\n    <section class=\"u-clearfix u-section-4\" id=\"sec-23cd\">\n      <div class=\"u-clearfix u-sheet u-sheet-1\">\n        <div class=\"u-clearfix u-expanded-width u-layout-wrap u-layout-wrap-1\">\n          <div class=\"u-layout\">\n            <div class=\"u-layout-row\">\n              <div class=\"u-container-style u-layout-cell u-left-cell u-size-30 u-layout-cell-1\">\n                <div class=\"u-container-layout u-container-layout-1\">\n                  <h2 class=\"u-text u-text-custom-color-1 u-text-1\" data-animation-name=\"customAnimationIn\" data-animation-duration=\"1000\"> La forme distinctive du Wobbler de Mooselook est un classique du genre<br>\n                  <\/h2>\n                  <div class=\"u-border-6 u-border-custom-color-1 u-line u-line-horizontal u-line-1\" data-animation-name=\"customAnimationIn\" data-animation-duration=\"1000\"><\/div>\n                <\/div>\n              <\/div>\n              <div class=\"u-container-style u-layout-cell u-right-cell u-size-30 u-layout-cell-2\">\n                <div class=\"u-container-layout u-valign-top u-container-layout-2\">\n                  <p class=\"u-text u-text-black u-text-2\" data-animation-name=\"customAnimationIn\" data-animation-duration=\"1000\"> Depuis son invention en 1938, la forme de poisson app\u00e2t a charm\u00e9 les p\u00eacheurs et tromp\u00e9 les poissons.&nbsp; Son mouvement ondulant et louvoyant provoque les carnassiers et provoque les attaques.&nbsp; Que ce soit sur les barrages de castor de Gasp\u00e9sie ou dans les grands lacs du sud de la province, le Wobbler de Mooselook continue d'\u00eatre un choix s\u00fbr.<br>\n                  <\/p>\n                <\/div>\n              <\/div>\n            <\/div>\n          <\/div>\n        <\/div>\n      <\/div>\n    <\/section>\n    <section class=\"u-clearfix u-section-5\" id=\"sec-499d\">\n      <div class=\"u-clearfix u-expanded-width u-gutter-10 u-layout-wrap u-layout-wrap-1\">\n        <div class=\"u-layout\" style=\"\">\n          <div class=\"u-layout-row\" style=\"\">\n            <div class=\"u-align-left u-container-style u-image u-layout-cell u-left-cell u-size-30 u-size-xs-60 u-image-1\" src=\"\" data-image-width=\"1900\" data-image-height=\"1268\" data-animation-name=\"customAnimationIn\" data-animation-duration=\"1000\" style=\"background-image: url(&quot;https:\/\/mooselook.ca\/wp-content\/uploads\/2022\/11\/silhouette-of-fisherman-throws-a-fishing-pole-into-2021-08-29-16-24-44-utc.jpg&quot;);\">\n              <div class=\"u-container-layout u-valign-middle u-container-layout-1\" src=\"\"><\/div>\n            <\/div>\n            <div class=\"u-align-left u-container-style u-layout-cell u-right-cell u-size-30 u-size-xs-60 u-white u-layout-cell-2\">\n              <div class=\"u-container-layout u-valign-middle u-container-layout-2\">\n                <h2 class=\"u-text u-text-custom-color-1 u-text-default u-text-1\" data-animation-name=\"customAnimationIn\" data-animation-duration=\"1000\"> Un classique de r\u00e9putation mondiale.<\/h2>\n                <p class=\"u-text u-text-black u-text-2\" data-animation-name=\"customAnimationIn\" data-animation-duration=\"1000\"> Depuis ses origines modestes en Nouvelle Angleterre, la r\u00e9putation du Wobbler s'est r\u00e9pandue \u00e0 travers l'Am\u00e9rique du Nord, puis le monde.&nbsp; Mooselook est maintenant distribu\u00e9 de la Californie au Yukon, de la Colombie Britannique \u00e0 Terre-Neuve, et m\u00eame \u00e0 l'international avec des distributeurs en Norv\u00e8ge, Suisse et en Estonie.&nbsp; Les p\u00eacheurs du monde entier appr\u00e9cient la qualit\u00e9 et les finis d'or et d'argent v\u00e9ritable de toutes les marques de Brecks.<br>\n                <\/p>\n              <\/div>\n            <\/div>\n          <\/div>\n        <\/div>\n      <\/div>\n    <\/section>\n    \n    \n    \n  \n<\/div><\/div>","protected":false},"excerpt":{"rendered":"<p>Mooselook fabrique des leurres de p\u00eache de haute qualit\u00e9 depuis 1938.&nbsp;&nbsp; Fond\u00e9e par John A. Greene, la compagnie emprunte le nom du lac Mooselookmeguntic au Maine, ou les leurres ont \u00e9t\u00e9 con\u00e7us il y a plus de 80 ans.&nbsp; Un favori du nord-est, des \u00e9tangs de castor de la Nouvelle-Angleterre aux gros lacs du sud [&hellip;]<\/p>\n","protected":false},"author":4,"featured_media":0,"parent":0,"menu_order":0,"comment_status":"closed","ping_status":"closed","template":"","meta":{"_acf_changed":false,"site-sidebar-layout":"default","site-content-layout":"default","ast-site-content-layout":"default","site-content-style":"default","site-sidebar-style":"default","ast-global-header-display":"","ast-banner-title-visibility":"","ast-main-header-display":"","ast-hfb-above-header-display":"","ast-hfb-below-header-display":"","ast-hfb-mobile-header-display":"","site-post-title":"","ast-breadcrumbs-content":"","ast-featured-img":"","footer-sml-layout":"","ast-disable-related-posts":"","theme-transparent-header-meta":"default","adv-header-id-meta":"","stick-header-meta":"default","header-above-stick-meta":"","header-main-stick-meta":"","header-below-stick-meta":"","astra-migrate-meta-layouts":"default","ast-page-background-enabled":"default","ast-page-background-meta":{"desktop":{"background-color":"","background-image":"","background-repeat":"repeat","background-position":"center center","background-size":"auto","background-attachment":"scroll","background-type":"","background-media":"","overlay-type":"","overlay-color":"","overlay-opacity":"","overlay-gradient":""},"tablet":{"background-color":"","background-image":"","background-repeat":"repeat","background-position":"center center","background-size":"auto","background-attachment":"scroll","background-type":"","background-media":"","overlay-type":"","overlay-color":"","overlay-opacity":"","overlay-gradient":""},"mobile":{"background-color":"","background-image":"","background-repeat":"repeat","background-position":"center center","background-size":"auto","background-attachment":"scroll","background-type":"","background-media":"","overlay-type":"","overlay-color":"","overlay-opacity":"","overlay-gradient":""}},"ast-content-background-meta":{"desktop":{"background-color":"var(--ast-global-color-5)","background-image":"","background-repeat":"repeat","background-position":"center center","background-size":"auto","background-attachment":"scroll","background-type":"","background-media":"","overlay-type":"","overlay-color":"","overlay-opacity":"","overlay-gradient":""},"tablet":{"background-color":"var(--ast-global-color-5)","background-image":"","background-repeat":"repeat","background-position":"center center","background-size":"auto","background-attachment":"scroll","background-type":"","background-media":"","overlay-type":"","overlay-color":"","overlay-opacity":"","overlay-gradient":""},"mobile":{"background-color":"var(--ast-global-color-5)","background-image":"","background-repeat":"repeat","background-position":"center center","background-size":"auto","background-attachment":"scroll","background-type":"","background-media":"","overlay-type":"","overlay-color":"","overlay-opacity":"","overlay-gradient":""}},"footnotes":""},"class_list":["post-834","page","type-page","status-publish","hentry"],"acf":[],"_links":{"self":[{"href":"https:\/\/mooselook.ca\/fr\/wp-json\/wp\/v2\/pages\/834","targetHints":{"allow":["GET"]}}],"collection":[{"href":"https:\/\/mooselook.ca\/fr\/wp-json\/wp\/v2\/pages"}],"about":[{"href":"https:\/\/mooselook.ca\/fr\/wp-json\/wp\/v2\/types\/page"}],"author":[{"embeddable":true,"href":"https:\/\/mooselook.ca\/fr\/wp-json\/wp\/v2\/users\/4"}],"replies":[{"embeddable":true,"href":"https:\/\/mooselook.ca\/fr\/wp-json\/wp\/v2\/comments?post=834"}],"version-history":[{"count":5,"href":"https:\/\/mooselook.ca\/fr\/wp-json\/wp\/v2\/pages\/834\/revisions"}],"predecessor-version":[{"id":2404,"href":"https:\/\/mooselook.ca\/fr\/wp-json\/wp\/v2\/pages\/834\/revisions\/2404"}],"wp:attachment":[{"href":"https:\/\/mooselook.ca\/fr\/wp-json\/wp\/v2\/media?parent=834"}],"curies":[{"name":"wp","href":"https:\/\/api.w.org\/{rel}","templated":true}]}}